{"id":678,"date":"2016-12-07T15:35:14","date_gmt":"2016-12-07T14:35:14","guid":{"rendered":"http:\/\/www.hubertus-wagrain.com\/datenschutzerklaerung\/"},"modified":"2017-05-12T14:04:48","modified_gmt":"2017-05-12T12:04:48","slug":"privacy-policy","status":"publish","type":"page","link":"https:\/\/www.hubertus-wagrain.com\/en\/privacy-policy\/","title":{"rendered":"Privacy Policy"},"content":{"rendered":"<div class=\"wpb-content-wrapper\"><p>[vc_row][vc_column][vc_column_text]<\/p>\n<h1>Privacy Policy<\/h1>\n<p>[\/vc_column_text][\/vc_column][\/vc_row][vc_row][vc_column][vc_column_text]The Privacy Statement applies to the collection and use of personal information collected in certain circumstances, for example when one visits our website, inquires about our services, reserves a room, makes a purchase, or calls us.<br \/>\nPlease take the time to read the following document, in which information regarding how R\u00f6tzer GmbH &amp; Co KG uses this personal information, what kind of data is collected, how and to what purpose the data is used, with whom R\u00f6tzer GmbH &amp; Co KG shares this information, and what measures R\u00f6tzer GmbH &amp; Co KG takes to protect your personal data. Data-privacy obligations which go beyond the scope of this privacy declaration shall remain unaffected.[\/vc_column_text][vc_column_text]<strong>Why does R\u00f6tzer GmbH &amp; Co KG collect personal information?<\/strong><\/p>\n<p>R\u00f6tzer GmbH &amp; Co KG collects and uses your personal information in order to offer exceptional customer service, easy access to our website, and offer and provide optimal services. Furthermore, your personal information assists R\u00f6tzer GmbH &amp; Co KG in informing you about our newest products and special offers and to keep you informed about other developments that we feel may interest you. If you not interested in our new developments and\/or would not like to receive information about our new products and services, you can inform us at any time.[\/vc_column_text][vc_column_text]<strong>What data is collected?<\/strong><\/p>\n<p>There are many situations in which your personal information can help R\u00f6tzer GmbH &amp; Co KG provide better service. That is why, for example, you are asked to provide information when you start a transaction. Only information relevant to the current situation will be requested. Normally this includes name, billing address, telephone number, e-mail address, preferred method of contact, and\/or credit card information.<br \/>\nAdditionally, R\u00f6tzer GmbH &amp; Co KG collects data for marketing research in order to better understand our clientele and offer appropriate services. Furthermore, R\u00f6tzer GmbH &amp; Co KG collects customer activity data from our website. On the basis of this information, R\u00f6tzer GmbH &amp; Co KG can assess which information is useful to our customers and which areas of our website and online services are of interest.[\/vc_column_text][vc_column_text]<strong>When does R\u00f6tzer GmbH &amp; Co KG share personal information?<\/strong><\/p>\n<p>R\u00f6tzer GmbH &amp; Co KG takes the protection of your personal information very seriously. R\u00f6tzer GmbH &amp; Co KG promises you, that your contact information is never sold or passed onto other vendors. In order to provide you with exceptional service, R\u00f6tzer GmbH &amp; Co KG may, under certain circumstances, give your information to legal individuals who are obligated to handle the information in accordance to the Privacy Statement. Under certain circumstances, it can be beneficial for R\u00f6tzer GmbH &amp; Co KG to provide other companies (who are strategic partners with, or employed by R\u00f6tzer GmbH &amp; Co KG) with certain information so that they can provide you with services and products in the name of R\u00f6tzer GmbH &amp; Co KG. These companies can help us to process information, take reservations and orders, deliver products, administer and maintain customer data, offer customer service, evaluate interest in our products and services, conduct customer research, or complete polls regarding customer satisfaction. These companies are obligated to handle your personal information in accordance with the Privacy Statement in order to protect personal privacy. Furthermore, R\u00f6tzer GmbH &amp; Co KG may be required by law or legal regulation to provide personal information.[\/vc_column_text][vc_column_text]<strong>How does R\u00f6tzer GmbH &amp; Co KG protect your personal information?<\/strong><\/p>\n<p>R\u00f6tzer GmbH &amp; Co KG takes precautions, including administrative, electronic, and physical procedures, to protect your personal information from loss, theft and misuse, as well as from unauthorized access, transmission, alteration, and deletion. The website employs the industry-standard SSL (Secure Sockets Layer) encryption. Your personal information and credit card information required in internet transactions is thereby safeguarded. You can also help us secure your information by following some simple steps. Change your password often using a combination of letters and numbers and make sure you are using a secured web browser.[\/vc_column_text][vc_column_text]<strong>Integrity of your personal information<\/strong> R\u00f6tzer GmbH &amp; Co KG has taken security measures to ensure that your personal information for the intended purposes is correct, complete and up-to-date. Naturally, you have the right to access and change your information at any time. You can help us by making sure your contact information and default settings are correct, complete and up-to-date. You may also receive a copy of your personal information by contacting us at the e-mail address mentioned below.[\/vc_column_text][vc_column_text]<strong>Cookies and other technologies<\/strong> As is common of many company<br \/>\nwebsites, R\u00f6tzer GmbH &amp; Co KG uses &#8220;cookies&#8221; and other technologies in order to assess which areas of our websites are particularly popular, how our internet guests move around, and how much time they spend in certain areas.<br \/>\nFurthermore, R\u00f6tzer GmbH &amp; Co KG uses cookies and other technologies to assess the effectiveness of our online marketing and evaluate if it attracts and alerts customers to our products and services. R\u00f6tzer GmbH &amp; Co KG uses cookies and other technologies to analyse the data traffic on our website in order that we can improve its design and functionality, and to examine if it communicates efficiently with our customers. Lastly, R\u00f6tzer<br \/>\nGmbH &amp; Co KG uses cookies to make the website fit your needs better and make the navigation easier in each visit. Like most websites, information requested by us is automatically collected and saved in a protocol. This information includes internet protocol addresses (IP addresses), type of browser used, internet service provider (ISP), reference and end pages, operating system, date and time, and click stream data. In some of our e-mail notifications,<br \/>\nR\u00f6tzer GmbH &amp; Co KG uses the so-called &#8220;click-through URL&#8221;, that is connected to contents on our website. When you use such a URL address, you pass through our web server before you land at the destination webpage. R\u00f6tzer GmbH &amp; Co KG tracks these &#8220;click-through&#8221; data, to determine the interest in certain topics und to measure how effectively it communicates with our customers. If you would not like you information to be collected in this way, do not click on any text or graphic links in the e-mails. Additionally, R\u00f6tzer GmbH &amp; Co KG uses &#8220;pixel tags&#8221; (small picture files) that furnish information about which areas of the website the clients have visited or measure the effectiveness of the customer search requests on our site. With help from pixel tags, R\u00f6tzer GmbH &amp; Co KG can send e-mail notification in a format accessible by our customers.<br \/>\nAdditionally we can research if the e-mails were opened in order to help R\u00f6tzer GmbH &amp; Co KG to only send e-mails that interest our customers.[\/vc_column_text][vc_column_text]<strong>Our corporate commitment to protecting your personal privacy<\/strong> As was already mentioned, R\u00f6tzer GmbH &amp; Co KG takes your personal rights very seriously. So that the security of your personal information is ensured, all workers are given current instructions and the company takes strict security precautions to protect your personal information. The website contains links to other companies. R\u00f6tzer GmbH &amp; Co KG is not responsible for their personal privacy guidelines. R\u00f6tzer GmbH &amp; Co KG recommends that you obtain these companies&#8217; Privacy Statements.[\/vc_column_text][vc_column_text]<strong>Use of External Services<\/strong><\/p>\n<p>This website uses the following external tracking services:<\/p>\n<ul>\n<li>Google Adwords Conversion<\/li>\n<li>Google Analytics Universal Tracking<\/li>\n<li>Google Adwords Remarketing<\/li>\n<li>Facebook Conversion<\/li>\n<li>Facebook Custom Audiences<\/li>\n<\/ul>\n<p>[\/vc_column_text][vc_column_text]<em>Use of Google Analytics<\/em><\/p>\n<p>This website uses Google Analytics, a web analytics service provided by Google, Inc. (\u201cGoogle\u201d). Google Analytics uses \u201ccookies\u201d, which are text files placed on your computer, to help the website analyze how users use the site. The information generated by the cookie about your use of the website (including your IP address) will be transmitted to and stored by Google on servers in the United States.<br \/>\nIn case of activation of the IP anonymization, Google will truncate\/anonymize the last octet of the IP address for Member States of the European Union as well as for other parties to the Agreement on the European Economic Area.<br \/>\nOnly in exceptional cases, the full IP address is sent to and shortened by Google servers in the USA.<br \/>\nOn behalf of the website provider Google will use this information for the purpose of evaluating your use of the website, compiling reports on website activity for website operators and providing other services relating to website activity and internet usage to the website provider.<br \/>\nGoogle will not associate your IP address with any other data held by Google.<br \/>\nYou may refuse the use of cookies by selecting the appropriate settings on your browser. However, please note that if you do this, you may not be able to use the full functionality of this website.<br \/>\nFurthermore you can prevent Google\u2019s collection and use of data (cookies and IP address) by downloading and installing the browser plug-in available under: <a href=\"https:\/\/tools.google.com\/dlpage\/gaoptout?hl=de\" target=\"_blank\" rel=\"noopener noreferrer\">https:\/\/tools.google.com\/dlpage\/gaoptout?hl=de<\/a>[\/vc_column_text][vc_column_text]<em>Use of Facebook Plugins<\/em><\/p>\n<p>Our website makes use of social plugins (\u201cplugins\u201d) from the facebook.com social network operated by Facebook Inc.,1601 South California Avenue, Palo Alto, CA 94304, USA (\u201cFacebook\u201d). When you visit our site, the Plugin establishes a direct connection between your browser and the Facebook server. By means of this, Facebook receives information that you have visited our site from your IP address. If you click on the Facebook \u201cLike\u201d button while you are logged into your Facebook account, you can link the content of our pages to your Facebook profile. This allows Facebook to record your visit to our website in your user account. We wish to draw your attention to the fact that we, as operators of this website, have no knowledge of the content of data transmitted to Facebook or of Facebook\u2019s use thereof. Additional information pertinent to this can be found in Facebook\u2019s own privacy policy.[\/vc_column_text][vc_column_text]<em>Use of Facebook Website Custom Audiences<\/em><\/p>\n<p>This website uses \u201cWebsite Custom Audiences\u201d pixels of social network Facebook, 1601 South California Avenue, Palo Alto, CA 94304, USA. When you visit our webpages, these tracking pixels establish a direct connection between your browser and the Facebook server, providing information to Facebook that you visited this website with your IP address. In this way, Facebook can link your visit to our pages with your user account. The information received can be used to generate Facebook ads.<br \/>\nR\u00f6tzer GmbH &amp; Co KG wishes to point out that R\u00f6tzer GmbH &amp; Co KG, as the provider of this website, has no knowledge of the content of data transmitted or of the use of that data by Facebook. Further information can be found in Facebook\u2019s own privacy policy at <a href=\"https:\/\/www.facebook.com\/about\/privacy\/\" target=\"_blank\" rel=\"noopener noreferrer\">https:\/\/www.facebook.com\/about\/privacy\/<\/a>. If you do not wish to have your data collected via Custom Audience, you can deactivate Custom Audiences <a href=\"https:\/\/www.facebook.com\/ads\/website_custom_audiences\/\" target=\"_blank\" rel=\"noopener noreferrer\">here<\/a>.[\/vc_column_text][vc_column_text]<em>Use of AdWords Remarketing<\/em><\/p>\n<p>This website uses cookies which have the purpose of directing online advertising within the Google advertising network to the user at a later time. Third-party provides such as Google use information generated by your visit to this website to generate advertising. You, as a user, have the possibility to deactivate the use of cookies by Google by visiting the Google deactivation page at <a href=\"http:\/\/www.google.com\/ads\/preferences\" target=\"_blank\" rel=\"noopener noreferrer\">http:\/\/www.google.com\/ads\/preferences<\/a>.[\/vc_column_text][vc_column_text]<strong>Questions about your personal privacy rights<\/strong><\/p>\n<p>If you have questions or concerns regarding the Privacy Statement, please feel free to contact us at the appropriate e-mail address (see below). Naturally you can ask R\u00f6tzer GmbH &amp; Co KG which of your data is or has been collected, where the data was collected, how it is used, and if it was shared with another company. Additionally, you can correct false information or delete incorrectly processed data. The terms of the Personal Privacy Law apply. R\u00f6tzer GmbH &amp; Co KG is authorised to change the Privacy Policy occasionally. If fundamental alterations are conducted, notification as well as the up-dated version will be published on our website.[\/vc_column_text][vc_column_text]R\u00f6tzer GmbH &amp; Co KG<\/p>\n<p>Markt 35<\/p>\n<p>A-5602 Wagrain<\/p>\n<p>Tel. +43 6413 8204<\/p>\n<p>Fax +43 6413 8204 7<\/p>\n<p><a href=\"mailto:info@hubertus-wagrain.com\">info@hubertus-wagrain.com<\/a>[\/vc_column_text][\/vc_column][\/vc_row]<\/p>\n<\/div>","protected":false},"excerpt":{"rendered":"<p>[vc_row][vc_column][vc_column_text] Privacy Policy [\/vc_column_text][\/vc_column][\/vc_row][vc_row][vc_column][vc_column_text]The Privacy Statement applies to the collection and use of personal information collected in certain circumstances, for example when one visits our website, inquires about our services, reserves a room, makes a purchase, or calls us. Please take the time to read the following document, in which information regarding how R\u00f6tzer GmbH &hellip;<\/p>\n\n<p><a class=\"readmore btn btn-default btn-default btn-block\" href=\"https:\/\/www.hubertus-wagrain.com\/en\/privacy-policy\/\">Read More<\/a><\/p>","protected":false},"author":1,"featured_media":0,"parent":0,"menu_order":0,"comment_status":"closed","ping_status":"closed","template":"","meta":{"rs_blank_template":"","rs_page_bg_color":"","slide_template_v7":"","footnotes":""},"class_list":["post-678","page","type-page","status-publish","hentry"],"yoast_head":"<!-- This site is optimized with the Yoast SEO plugin v27.5 - https:\/\/yoast.com\/product\/yoast-seo-wordpress\/ -->\n<title>Privacy Policy - 3 star hotel Haus Hubertus in Wagrain<\/title>\n<meta name=\"description\" content=\"Read more about the Privacy Policy about using our website. Haus Hubertus tells you more about he collection and use of personal information collected in certain circumstances. If you have questions, contact us: +43 6413 8204, info@hubertus-wagrain.com.\" \/>\n<meta name=\"robots\" content=\"index, follow, max-snippet:-1, max-image-preview:large, max-video-preview:-1\" \/>\n<link rel=\"canonical\" href=\"https:\/\/www.hubertus-wagrain.com\/en\/privacy-policy\/\" \/>\n<meta property=\"og:locale\" content=\"en_GB\" \/>\n<meta property=\"og:type\" content=\"article\" \/>\n<meta property=\"og:title\" content=\"Privacy Policy - 3 star hotel Haus Hubertus in Wagrain\" \/>\n<meta property=\"og:description\" content=\"Read more about the Privacy Policy about using our website. Haus Hubertus tells you more about he collection and use of personal information collected in certain circumstances. If you have questions, contact us: +43 6413 8204, info@hubertus-wagrain.com.\" \/>\n<meta property=\"og:url\" content=\"https:\/\/www.hubertus-wagrain.com\/en\/privacy-policy\/\" \/>\n<meta property=\"og:site_name\" content=\"Haus Hubertus Wagrain\" \/>\n<meta property=\"article:modified_time\" content=\"2017-05-12T12:04:48+00:00\" \/>\n<meta name=\"twitter:label1\" content=\"Estimated reading time\" \/>\n\t<meta name=\"twitter:data1\" content=\"11 minutes\" \/>\n<script type=\"application\/ld+json\" class=\"yoast-schema-graph\">{\"@context\":\"https:\\\/\\\/schema.org\",\"@graph\":[{\"@type\":\"WebPage\",\"@id\":\"https:\\\/\\\/www.hubertus-wagrain.com\\\/en\\\/privacy-policy\\\/\",\"url\":\"https:\\\/\\\/www.hubertus-wagrain.com\\\/en\\\/privacy-policy\\\/\",\"name\":\"Privacy Policy - 3 star hotel Haus Hubertus in Wagrain\",\"isPartOf\":{\"@id\":\"https:\\\/\\\/www.hubertus-wagrain.com\\\/#website\"},\"datePublished\":\"2016-12-07T14:35:14+00:00\",\"dateModified\":\"2017-05-12T12:04:48+00:00\",\"description\":\"Read more about the Privacy Policy about using our website. Haus Hubertus tells you more about he collection and use of personal information collected in certain circumstances. If you have questions, contact us: +43 6413 8204, info@hubertus-wagrain.com.\",\"breadcrumb\":{\"@id\":\"https:\\\/\\\/www.hubertus-wagrain.com\\\/en\\\/privacy-policy\\\/#breadcrumb\"},\"inLanguage\":\"en-GB\",\"potentialAction\":[{\"@type\":\"ReadAction\",\"target\":[\"https:\\\/\\\/www.hubertus-wagrain.com\\\/en\\\/privacy-policy\\\/\"]}]},{\"@type\":\"BreadcrumbList\",\"@id\":\"https:\\\/\\\/www.hubertus-wagrain.com\\\/en\\\/privacy-policy\\\/#breadcrumb\",\"itemListElement\":[{\"@type\":\"ListItem\",\"position\":1,\"name\":\"Home\",\"item\":\"https:\\\/\\\/www.hubertus-wagrain.com\\\/en\\\/\"},{\"@type\":\"ListItem\",\"position\":2,\"name\":\"Privacy Policy\"}]},{\"@type\":\"WebSite\",\"@id\":\"https:\\\/\\\/www.hubertus-wagrain.com\\\/#website\",\"url\":\"https:\\\/\\\/www.hubertus-wagrain.com\\\/\",\"name\":\"Haus Hubertus Wagrain\",\"description\":\"Hotel, Restaurant &amp; Cafe in Wagrain\",\"potentialAction\":[{\"@type\":\"SearchAction\",\"target\":{\"@type\":\"EntryPoint\",\"urlTemplate\":\"https:\\\/\\\/www.hubertus-wagrain.com\\\/?s={search_term_string}\"},\"query-input\":{\"@type\":\"PropertyValueSpecification\",\"valueRequired\":true,\"valueName\":\"search_term_string\"}}],\"inLanguage\":\"en-GB\"}]}<\/script>\n<!-- \/ Yoast SEO plugin. -->","yoast_head_json":{"title":"Privacy Policy - 3 star hotel Haus Hubertus in Wagrain","description":"Read more about the Privacy Policy about using our website. Haus Hubertus tells you more about he collection and use of personal information collected in certain circumstances. If you have questions, contact us: +43 6413 8204, info@hubertus-wagrain.com.","robots":{"index":"index","follow":"follow","max-snippet":"max-snippet:-1","max-image-preview":"max-image-preview:large","max-video-preview":"max-video-preview:-1"},"canonical":"https:\/\/www.hubertus-wagrain.com\/en\/privacy-policy\/","og_locale":"en_GB","og_type":"article","og_title":"Privacy Policy - 3 star hotel Haus Hubertus in Wagrain","og_description":"Read more about the Privacy Policy about using our website. Haus Hubertus tells you more about he collection and use of personal information collected in certain circumstances. If you have questions, contact us: +43 6413 8204, info@hubertus-wagrain.com.","og_url":"https:\/\/www.hubertus-wagrain.com\/en\/privacy-policy\/","og_site_name":"Haus Hubertus Wagrain","article_modified_time":"2017-05-12T12:04:48+00:00","twitter_misc":{"Estimated reading time":"11 minutes"},"schema":{"@context":"https:\/\/schema.org","@graph":[{"@type":"WebPage","@id":"https:\/\/www.hubertus-wagrain.com\/en\/privacy-policy\/","url":"https:\/\/www.hubertus-wagrain.com\/en\/privacy-policy\/","name":"Privacy Policy - 3 star hotel Haus Hubertus in Wagrain","isPartOf":{"@id":"https:\/\/www.hubertus-wagrain.com\/#website"},"datePublished":"2016-12-07T14:35:14+00:00","dateModified":"2017-05-12T12:04:48+00:00","description":"Read more about the Privacy Policy about using our website. Haus Hubertus tells you more about he collection and use of personal information collected in certain circumstances. If you have questions, contact us: +43 6413 8204, info@hubertus-wagrain.com.","breadcrumb":{"@id":"https:\/\/www.hubertus-wagrain.com\/en\/privacy-policy\/#breadcrumb"},"inLanguage":"en-GB","potentialAction":[{"@type":"ReadAction","target":["https:\/\/www.hubertus-wagrain.com\/en\/privacy-policy\/"]}]},{"@type":"BreadcrumbList","@id":"https:\/\/www.hubertus-wagrain.com\/en\/privacy-policy\/#breadcrumb","itemListElement":[{"@type":"ListItem","position":1,"name":"Home","item":"https:\/\/www.hubertus-wagrain.com\/en\/"},{"@type":"ListItem","position":2,"name":"Privacy Policy"}]},{"@type":"WebSite","@id":"https:\/\/www.hubertus-wagrain.com\/#website","url":"https:\/\/www.hubertus-wagrain.com\/","name":"Haus Hubertus Wagrain","description":"Hotel, Restaurant &amp; Cafe in Wagrain","potentialAction":[{"@type":"SearchAction","target":{"@type":"EntryPoint","urlTemplate":"https:\/\/www.hubertus-wagrain.com\/?s={search_term_string}"},"query-input":{"@type":"PropertyValueSpecification","valueRequired":true,"valueName":"search_term_string"}}],"inLanguage":"en-GB"}]}},"_links":{"self":[{"href":"https:\/\/www.hubertus-wagrain.com\/en\/wp-json\/wp\/v2\/pages\/678","targetHints":{"allow":["GET"]}}],"collection":[{"href":"https:\/\/www.hubertus-wagrain.com\/en\/wp-json\/wp\/v2\/pages"}],"about":[{"href":"https:\/\/www.hubertus-wagrain.com\/en\/wp-json\/wp\/v2\/types\/page"}],"author":[{"embeddable":true,"href":"https:\/\/www.hubertus-wagrain.com\/en\/wp-json\/wp\/v2\/users\/1"}],"replies":[{"embeddable":true,"href":"https:\/\/www.hubertus-wagrain.com\/en\/wp-json\/wp\/v2\/comments?post=678"}],"version-history":[{"count":3,"href":"https:\/\/www.hubertus-wagrain.com\/en\/wp-json\/wp\/v2\/pages\/678\/revisions"}],"predecessor-version":[{"id":955,"href":"https:\/\/www.hubertus-wagrain.com\/en\/wp-json\/wp\/v2\/pages\/678\/revisions\/955"}],"wp:attachment":[{"href":"https:\/\/www.hubertus-wagrain.com\/en\/wp-json\/wp\/v2\/media?parent=678"}],"curies":[{"name":"wp","href":"https:\/\/api.w.org\/{rel}","templated":true}]}}